{"id":1045,"date":"2022-07-26T16:22:09","date_gmt":"2022-07-26T21:22:09","guid":{"rendered":"https:\/\/lasiberia.co\/?page_id=1045"},"modified":"2022-12-28T17:17:05","modified_gmt":"2022-12-28T22:17:05","slug":"terminos-y-condiciones","status":"publish","type":"page","link":"https:\/\/lasiberia.co\/en\/terminos-y-condiciones\/","title":{"rendered":"Terms and Conditions"},"content":{"rendered":"<p>Esta p\u00e1gina web es propiedad y est\u00e1 operado por La Siberia. Estos T\u00e9rminos establecen los t\u00e9rminos y condiciones bajo los cuales\u00a0tu puedes usar nuestra p\u00e1gina web y servicios ofrecidos por nosotros. Esta p\u00e1gina web ofrece a los visitantes un comercio electr\u00f3nico. Al acceder o usar la p\u00e1gina web de nuestro servicio, usted aprueba que haya le\u00eddo, entendido y aceptado estar sujeto a estos T\u00e9rminos:<\/p>\n\n\n\n<h2 class=\"wp-block-heading\">T\u00e9rminos comerciales<\/h2>\n\n\n\n<p>Al comprar un art\u00edculo, aceptas que: (i) eres responsable de leer el listado completo del art\u00edculo antes de comprometerte a comprarlo: (ii) celebras un contrato legalmente vinculante para comprar un art\u00edculo cuando completas el proceso de check-out. Los precios que cobramos por usar nuestros servicios \/ para nuestros productos se enumeran en\u00a0 la p\u00e1gina web. Nos reservamos el derecho de cambiar nuestros precios para los productos que se muestran en cualquier momento y de corregir los errores de precios que pueden ocurrir inadvertidamente. Informaci\u00f3n adicional sobre precios e impuestos sobre las ventas est\u00e1 disponible en la p\u00e1gina de pagos.\u00a0La tarifa por los servicios y cualquier otro cargo que pueda incurrir en relaci\u00f3n con tu uso del servicio, como los impuestos y las posibles tarifas de transacci\u00f3n, se cobrar\u00e1n a tu m\u00e9todo de pago.<\/p>\n\n\n\n<h2 class=\"wp-block-heading\">Pol\u00edtica de devoluciones<\/h2>\n\n\n\n<p>Para cualquier producto no da\u00f1ado, simplemente devu\u00e9lvelo\u00a0junto con el recibo original (o recibo de regalo) dentro de los 14 d\u00edas posteriores a la fecha que recibiste el producto, y lo cambiaremos o te ofreceremos un reembolso basado en el m\u00e9todo de pago original . Adem\u00e1s, ten en cuenta que los productos solo se pueden devolver en el pa\u00eds en el que se compraron originalmente.<\/p>\n\n\n\n<h2 class=\"wp-block-heading\">Retenci\u00f3n del derecho a cambiar la oferta<\/h2>\n\n\n\n<p>Podemos, sin aviso previo, cambiar los productos; dejar de proporcionar los productos o cualquier caracter\u00edstica de los productos que ofrecemos; o crear l\u00edmites para los productos. Podemos\u00a0 suspender de manera permanente o temporal el acceso a los productos sin previo aviso ni responsabilidad por cualquier motivo, o sin ning\u00fan motivo.<\/p>\n\n\n\n<h2 class=\"wp-block-heading\">Garant\u00edas y responsabilidad por producto<\/h2>\n\n\n\n<p>Cuando recibimos un reclamo de garant\u00eda v\u00e1lido de un producto que vendemos, repararemos el defecto relevante o reemplazaremos el producto. Si no podemos reparar o reemplazar el producto dentro de un tiempo razonable, el cliente tendr\u00e1 derecho a un reembolso total cuando nos devuelva el producto.<\/p>\n\n\n\n<h2 class=\"wp-block-heading\">Posesi\u00f3n de propiedad intelectual, derechos de autor y logos<\/h2>\n\n\n\n<p>El Servicio y todos los materiales incluidos o transferidos, incluyendo, sin limitaci\u00f3n, software, im\u00e1genes, texto, gr\u00e1ficos, logotipos, patentes, marcas registradas, marcas de servicio, derechos de autor, fotograf\u00edas, audio, videos, m\u00fasica y todos los Derechos de Propiedad Intelectual relacionados con ellos, son la propiedad exclusiva de La Siberia. Salvo que se indique expl\u00edcitamente en este documento, no se considerar\u00e1 que nada en estos T\u00e9rminos crea una licencia en o bajo ninguno de dichos Derechos de Propiedad Intelectual, y tu aceptas no vender, licenciar, alquilar, modificar, distribuir, copiar, reproducir, transmitir, exhibir p\u00fablicamente, realizar p\u00fablicamente, publicar, adaptar, editar o crear trabajos derivados de los mismos.<\/p>\n\n\n\n<h2 class=\"wp-block-heading\">Derecho a cambiar y modificar los t\u00e9rminos<\/h2>\n\n\n\n<p>Nos reservamos el derecho de modificar estos t\u00e9rminos de vez en cuando a nuestra entera discreci\u00f3n. Por lo tanto, debes revisar estas p\u00e1ginas peri\u00f3dicamente. Cuando cambiemos los T\u00e9rminos de una manera material, te notificaremos que se han realizado cambios importantes en los T\u00e9rminos. El uso continuado de la p\u00e1gina web o nuestro servicio despu\u00e9s de dicho cambio constituye tu aceptaci\u00f3n de los nuevos T\u00e9rminos. Si no aceptas alguno de estos t\u00e9rminos o cualquier versi\u00f3n futura de los T\u00e9rminos, no uses o\u00a0 accedas (o contin\u00faes accediendo) a la p\u00e1gina web o al servicio.<\/p>\n\n\n\n<h2 class=\"wp-block-heading\">Emails de promociones y contenido<\/h2>\n\n\n\n<p>Acepta recibir de vez en cuando nuestros mensajes y materiales de promoci\u00f3n, por correo postal, correo electr\u00f3nico o cualquier otro formulario de contacto que nos proporciones (incluido tu n\u00famero de tel\u00e9fono para llamadas o mensajes de texto). Si no deseas recibir dichos materiales o avisos de promociones, simplemente av\u00edsanos en cualquier momento.<\/p>\n\n\n\n<p><\/p>\n\n\n\n<p><\/p>\n\n\n\n<p><\/p>","protected":false},"excerpt":{"rendered":"<p>Esta p\u00e1gina web es propiedad y est\u00e1 operado por La Siberia. Estos T\u00e9rminos establecen los t\u00e9rminos y condiciones bajo los cuales\u00a0tu puedes usar nuestra p\u00e1gina web y servicios ofrecidos por nosotros. Esta p\u00e1gina web ofrece a los visitantes un comercio electr\u00f3nico. Al acceder o usar la p\u00e1gina web de nuestro servicio, usted aprueba que haya [&hellip;]<\/p>","protected":false},"author":1,"featured_media":0,"parent":0,"menu_order":0,"comment_status":"closed","ping_status":"closed","template":"","meta":{"footnotes":""},"class_list":["post-1045","page","type-page","status-publish","hentry"],"_links":{"self":[{"href":"https:\/\/lasiberia.co\/en\/wp-json\/wp\/v2\/pages\/1045","targetHints":{"allow":["GET"]}}],"collection":[{"href":"https:\/\/lasiberia.co\/en\/wp-json\/wp\/v2\/pages"}],"about":[{"href":"https:\/\/lasiberia.co\/en\/wp-json\/wp\/v2\/types\/page"}],"author":[{"embeddable":true,"href":"https:\/\/lasiberia.co\/en\/wp-json\/wp\/v2\/users\/1"}],"replies":[{"embeddable":true,"href":"https:\/\/lasiberia.co\/en\/wp-json\/wp\/v2\/comments?post=1045"}],"version-history":[{"count":4,"href":"https:\/\/lasiberia.co\/en\/wp-json\/wp\/v2\/pages\/1045\/revisions"}],"predecessor-version":[{"id":1300,"href":"https:\/\/lasiberia.co\/en\/wp-json\/wp\/v2\/pages\/1045\/revisions\/1300"}],"wp:attachment":[{"href":"https:\/\/lasiberia.co\/en\/wp-json\/wp\/v2\/media?parent=1045"}],"curies":[{"name":"wp","href":"https:\/\/api.w.org\/{rel}","templated":true}]}}