{"id":3,"date":"2022-07-19T14:37:45","date_gmt":"2022-07-19T19:37:45","guid":{"rendered":"https:\/\/lasiberia.co\/?page_id=3"},"modified":"2022-12-28T15:03:46","modified_gmt":"2022-12-28T20:03:46","slug":"politica-privacidad","status":"publish","type":"page","link":"https:\/\/lasiberia.co\/en\/politica-privacidad\/","title":{"rendered":"Privacy Policy"},"content":{"rendered":"<h3 class=\"wp-block-heading\">Sitio web lasiberia.co<\/h3>\n\n\n\n<h2 class=\"wp-block-heading\">Comentarios en el sitio<\/h2>\n\n\n\n<p>Cuando los visitantes dejan comentarios en el sitio recopilamos los datos mostrados en el formulario de comentarios, y tambi\u00e9n la direcci\u00f3n IP del visitante y la cadena del agente de usuario del navegador para ayudar a la detecci\u00f3n de spam.<\/p>\n\n\n\n<p>Se puede proporcionar una cadena an\u00f3nima creada a partir de su direcci\u00f3n de correo electr\u00f3nico (tambi\u00e9n denominada hash) al servicio gravatar para ver si la est\u00e1 utilizando. La pol\u00edtica de privacidad del servicio Gravatar est\u00e1 disponible aqu\u00ed: https:\/\/automattic.com\/privacy\/. Despu\u00e9s de la aprobaci\u00f3n de tu comentario, su imagen de perfil ser\u00e1 visible para el p\u00fablico en el contexto de tu comentario.<\/p>\n\n\n\n<h2 class=\"wp-block-heading\">Medios<\/h2>\n\n\n\n<p>Los visitantes del sitio web pueden descargar y extraer los datos de la ubicaci\u00f3n de las im\u00e1genes en el sitio Web.<\/p>\n\n\n\n<h2 class=\"wp-block-heading\">Cookies<\/h2>\n\n\n\n<p>Si deja un comentario en nuestro sitio, puedes optar por guardar tu nombre, direcci\u00f3n de correo electr\u00f3nico y sitio web en cookies. Estos es para tu comodidad y no tengas que volver a rellenar tus datos cuando dejes otro comentario. Estas cookies tendr\u00e1n un a\u00f1o de duraci\u00f3n.<\/p>\n\n\n\n<p>Cuando inicies sesi\u00f3n, se instalar\u00e1n varias cookies para guardar tu informaci\u00f3n de acceso y opciones de visualizaci\u00f3n de pantalla. Las cookies de acceso permanecer\u00e1n por dos d\u00edas y las cookies de opciones de pantalla se guardar\u00e1n por un a\u00f1o. Si seleccionas \u00abRecu\u00e9rdarme\u00bb en tu inicio de sesi\u00f3n, estas se guardar\u00e1n por dos semanas. Si cierra la sesi\u00f3n de tu cuenta, las cookies de acceso se eliminar\u00e1n.<\/p>\n\n\n\n<h2 class=\"wp-block-heading\">Contenido incrustado de otros sitios web<\/h2>\n\n\n\n<p>Los art\u00edculos de este sitio pueden incluir contenido incrustado (por ejemplo, v\u00eddeos, im\u00e1genes, art\u00edculos, etc.). El contenido incrustado de otras webs se comporta exactamente de la misma manera que si el visitante hubiera visitado la otra web.<\/p>\n\n\n\n<h2 class=\"wp-block-heading\">Con qui\u00e9n compartimos tus datos<\/h2>\n\n\n\n<p>Si solicitas un restablecimiento de contrase\u00f1a, tu direcci\u00f3n IP ser\u00e1 incluida en el correo electr\u00f3nico de restablecimiento.<\/p>\n\n\n\n<h2 class=\"wp-block-heading\">Cu\u00e1nto tiempo conservamos tus datos<\/h2>\n\n\n\n<p>Si dejas un comentario, el comentario y sus metadatos se conservan indefinidamente. Esto es para que podamos reconocer y aprobar autom\u00e1ticamente cualquier comentario de seguimiento en lugar de mantenerlos en una cola de moderaci\u00f3n.<\/p>\n\n\n\n<p>Para los usuarios que se registren en nuestro sitio web, se almacenar\u00e1n todos sus datos de informaci\u00f3n personal que proporcionen. Cualquier usuario y administrador puede ver dicha informaci\u00f3n. <\/p>\n\n\n\n<h2 class=\"wp-block-heading\">D\u00f3nde se env\u00edan tus datos<\/h2>\n\n\n\n<p>Puede que los comentarios de los visitantes sean validados por un servicio automatico de detecci\u00f3n de spam.<\/p>","protected":false},"excerpt":{"rendered":"<p>Sitio web lasiberia.co Comentarios en el sitio Cuando los visitantes dejan comentarios en el sitio recopilamos los datos mostrados en el formulario de comentarios, y tambi\u00e9n la direcci\u00f3n IP del visitante y la cadena del agente de usuario del navegador para ayudar a la detecci\u00f3n de spam. Se puede proporcionar una cadena an\u00f3nima creada a [&hellip;]<\/p>","protected":false},"author":1,"featured_media":0,"parent":0,"menu_order":0,"comment_status":"closed","ping_status":"closed","template":"","meta":{"footnotes":""},"class_list":["post-3","page","type-page","status-publish","hentry"],"_links":{"self":[{"href":"https:\/\/lasiberia.co\/en\/wp-json\/wp\/v2\/pages\/3","targetHints":{"allow":["GET"]}}],"collection":[{"href":"https:\/\/lasiberia.co\/en\/wp-json\/wp\/v2\/pages"}],"about":[{"href":"https:\/\/lasiberia.co\/en\/wp-json\/wp\/v2\/types\/page"}],"author":[{"embeddable":true,"href":"https:\/\/lasiberia.co\/en\/wp-json\/wp\/v2\/users\/1"}],"replies":[{"embeddable":true,"href":"https:\/\/lasiberia.co\/en\/wp-json\/wp\/v2\/comments?post=3"}],"version-history":[{"count":2,"href":"https:\/\/lasiberia.co\/en\/wp-json\/wp\/v2\/pages\/3\/revisions"}],"predecessor-version":[{"id":1296,"href":"https:\/\/lasiberia.co\/en\/wp-json\/wp\/v2\/pages\/3\/revisions\/1296"}],"wp:attachment":[{"href":"https:\/\/lasiberia.co\/en\/wp-json\/wp\/v2\/media?parent=3"}],"curies":[{"name":"wp","href":"https:\/\/api.w.org\/{rel}","templated":true}]}}